{"id":626,"date":"2020-12-21T19:31:42","date_gmt":"2020-12-21T19:31:42","guid":{"rendered":"https:\/\/marcelodonato.ca\/?page_id=626"},"modified":"2021-02-09T15:57:16","modified_gmt":"2021-02-09T15:57:16","slug":"page-2","status":"publish","type":"page","link":"https:\/\/marcelodonato.ca\/?page_id=626","title":{"rendered":"Entre Bambalinas"},"content":{"rendered":"\n<div style=\"height:60px\" aria-hidden=\"true\" class=\"wp-block-spacer\"><\/div>\n\n\n\n<div class=\"wp-block-columns are-vertically-aligned-bottom is-layout-flex wp-container-core-columns-is-layout-28f84493 wp-block-columns-is-layout-flex\">\n<div class=\"wp-block-column is-vertically-aligned-bottom is-layout-flow wp-block-column-is-layout-flow\" style=\"flex-basis:33.33%\">\n<figure class=\"wp-block-image size-large is-resized\"><img loading=\"lazy\" decoding=\"async\" src=\"https:\/\/marcelodonato.ca\/wp-content\/uploads\/2021\/01\/entrebambalinas.jpg\" alt=\"\" class=\"wp-image-956\" width=\"260\" height=\"398\" srcset=\"https:\/\/marcelodonato.ca\/wp-content\/uploads\/2021\/01\/entrebambalinas.jpg 346w, https:\/\/marcelodonato.ca\/wp-content\/uploads\/2021\/01\/entrebambalinas-196x300.jpg 196w\" sizes=\"auto, (max-width: 260px) 100vw, 260px\" \/><\/figure>\n<\/div>\n\n\n\n<div class=\"wp-block-column is-vertically-aligned-bottom is-layout-flow wp-block-column-is-layout-flow\" style=\"flex-basis:77%\">\n<h5>Entre Bambalinas<\/h5>\n\n\n\n<h6 class=\"font_7 twocolumns\">The biography of Hector Pascual, an Argentinian costume-maker for theatre, ballet, and opera productions. He arrived in Paris in 1950. Although Hector Pascual is unknown, he worked with the geniuses of the theater of the last half of the 20th century. The text talks about his journey and the people he encountered on his path: the writer H\u00e9ctor Bianciotti (who made Hector Pascual one of his characters in his \u201cLe pas si lent de l\u2019amour\u201d,) Ana de Pombo, Leonor Fini, Georges Wakhievitch, Jean Cocteau, Erte, Jean-Louis Barrault, Jorge Lavelli, Jacques Dupont, Salvador Dali, Maurice Bejart, Roland Petit, Rudolf Nureyev, the Bar\u00f3n de R\u00e9d\u00e9 and Guy de Rothschild \u2026. in the 70s, he joined the house of Yves Saint Laurent, to create the YSL Museum.<\/h6>\n<\/div>\n<\/div>\n\n\n\n<div class=\"wp-block-columns is-layout-flex wp-container-core-columns-is-layout-28f84493 wp-block-columns-is-layout-flex\">\n<div class=\"wp-block-column is-vertically-aligned-top is-layout-flow wp-block-column-is-layout-flow\" style=\"flex-basis:33.33%\">\n<div class=\"wp-block-image\"><figure class=\"alignleft size-large is-resized\"><img loading=\"lazy\" decoding=\"async\" src=\"https:\/\/marcelodonato.ca\/wp-content\/uploads\/2021\/01\/latinobook.png\" alt=\"\" class=\"wp-image-998\" width=\"125\" height=\"125\" srcset=\"https:\/\/marcelodonato.ca\/wp-content\/uploads\/2021\/01\/latinobook.png 250w, https:\/\/marcelodonato.ca\/wp-content\/uploads\/2021\/01\/latinobook-150x150.png 150w\" sizes=\"auto, (max-width: 125px) 100vw, 125px\" \/><\/figure><\/div>\n<\/div>\n\n\n\n<div class=\"wp-block-column is-layout-flow wp-block-column-is-layout-flow\" style=\"flex-basis:77%\">\n<h6 class=\"font_7\">Published in Spanish.<\/h6>\n<h6 class=\"font_7\" style=\"line-height: 0.5em;\">First Prize International Latino Book Awards&nbsp;<\/h6>\n<h6 class=\"font_7\">Forthcoming in French, Italian and English.<\/h6>\n<h6 class=\"font_7\"><span class=\"wixGuard\">\u200b<\/span><\/h6>\n<h6 class=\"font_7\"><strong>Available at <a href=\"https:\/\/www.amazon.com\/-\/es\/Marcelo-Donato\/dp\/1987819047\/ref=sr_1_16?__mk_es_US=%C3%85M%C3%85%C5%BD%C3%95%C3%91&amp;dchild=1&amp;keywords=entre+bambalinas&amp;qid=1601502960&amp;sr=8-16\" target=\"_blank\" rel=\"noopener\">Amazon<\/a><\/strong><\/h6>\n\n\n\n<p><\/p>\n<\/div>\n<\/div>\n\n\n\n<div class=\"wp-block-columns is-layout-flex wp-container-core-columns-is-layout-28f84493 wp-block-columns-is-layout-flex\">\n<div class=\"wp-block-column is-layout-flow wp-block-column-is-layout-flow\" style=\"flex-basis:33.33%\"><\/div>\n\n\n\n<div class=\"wp-block-column is-layout-flow wp-block-column-is-layout-flow\" style=\"flex-basis:77%\">\n<div class=\"wp-block-columns is-layout-flex wp-container-core-columns-is-layout-28f84493 wp-block-columns-is-layout-flex\">\n<div class=\"wp-block-column is-layout-flow wp-block-column-is-layout-flow\">\n<figure class=\"wp-block-embed is-type-video is-provider-youtube wp-block-embed-youtube wp-embed-aspect-4-3 wp-has-aspect-ratio\"><div class=\"wp-block-embed__wrapper\">\n<iframe loading=\"lazy\" title=\"Hector Pascual  documental de Marcelo Donato\" width=\"1200\" height=\"900\" src=\"https:\/\/www.youtube.com\/embed\/mHj0VVG8C_4?feature=oembed\" frameborder=\"0\" allow=\"accelerometer; autoplay; clipboard-write; encrypted-media; gyroscope; picture-in-picture\" allowfullscreen><\/iframe>\n<\/div><\/figure>\n<\/div>\n\n\n\n<div class=\"wp-block-column is-layout-flow wp-block-column-is-layout-flow\">\n<figure class=\"wp-block-embed is-type-video is-provider-youtube wp-block-embed-youtube wp-embed-aspect-4-3 wp-has-aspect-ratio\"><div class=\"wp-block-embed__wrapper\">\n<iframe loading=\"lazy\" title=\"Hector Pascual 2da Parte Documental de Marcelo Donato\" width=\"1200\" height=\"900\" src=\"https:\/\/www.youtube.com\/embed\/kdJLk6E9IFg?feature=oembed\" frameborder=\"0\" allow=\"accelerometer; autoplay; clipboard-write; encrypted-media; gyroscope; picture-in-picture\" allowfullscreen><\/iframe>\n<\/div><\/figure>\n<\/div>\n<\/div>\n<\/div>\n<\/div>\n\n\n\n<p><\/p>\n","protected":false},"excerpt":{"rendered":"<p>Entre Bambalinas The biography of Hector Pascual, an Argentinian costume-maker for theatre, ballet, and opera productions. He arrived in Paris in 1950. Although Hector Pascual is unknown, he worked with the geniuses of the theater of the last half of the 20th century. The text talks about his journey and the people he encountered on [&hellip;]<\/p>\n","protected":false},"author":1,"featured_media":0,"parent":622,"menu_order":0,"comment_status":"closed","ping_status":"closed","template":"","meta":{"inline_featured_image":false,"footnotes":""},"class_list":["post-626","page","type-page","status-publish","hentry"],"blocksy_meta":{"page_title_panel":"","has_hero_section":"default","0f87106ed547341ee4de774a0d2c422f":"","hero_section":"type-1","hero_elements":[{"id":"custom_title","enabled":true,"heading_tag":"h1","title":"Home"},{"id":"custom_description","enabled":true,"description_visibility":{"desktop":true,"tablet":true,"mobile":false}},{"id":"custom_meta","enabled":false,"meta_elements":[{"id":"author","enabled":true,"label":"By","has_author_avatar":"yes","avatar_size":25},{"id":"post_date","enabled":true,"label":"On","date_format_source":"default","date_format":"M j, Y"},{"id":"comments","enabled":true}],"page_meta_elements":{"joined":true,"articles_count":true,"comments":true}},{"id":"breadcrumbs","enabled":false}],"0fae0c254936d7fd10da3e52210009b4":"","hero_alignment1":"left","hero_margin":{"desktop":50,"tablet":30,"mobile":30},"hero_alignment2":"center","hero_vertical_alignment":"center","07158312ac8bcb51e734d7cb30ae2908":"","hero_structure":"narrow","0ac3abb8dca56f13ec465d423e938b75":"","page_title_bg_type":"featured_image","custom_hero_background":{"attachment_id":null},"parallax":{"desktop":false,"tablet":false,"mobile":false},"d44908f6b089427c50436fc166daffa4":"","hero_height":"250px","pageTitleFont":{"family":"Default","variation":"Default","size":{"desktop":"32px","tablet":"30px","mobile":"25px"},"line-height":"CT_CSS_SKIP_RULE","letter-spacing":"CT_CSS_SKIP_RULE","text-transform":"CT_CSS_SKIP_RULE","text-decoration":"CT_CSS_SKIP_RULE"},"pageTitleFontColor":{"default":{"color":"CT_CSS_SKIP_RULEDEFAULT"}},"pageMetaFont":{"family":"Default","variation":"n6","size":"12px","line-height":"1.3","letter-spacing":"CT_CSS_SKIP_RULE","text-transform":"uppercase","text-decoration":"CT_CSS_SKIP_RULE"},"pageMetaFontColor":{"default":{"color":"CT_CSS_SKIP_RULEDEFAULT"},"hover":{"color":"CT_CSS_SKIP_RULEDEFAULT"}},"pageExcerptFont":{"family":"Default","variation":"Default","size":"CT_CSS_SKIP_RULE","line-height":"CT_CSS_SKIP_RULE","letter-spacing":"CT_CSS_SKIP_RULE","text-transform":"CT_CSS_SKIP_RULE","text-decoration":"CT_CSS_SKIP_RULE"},"pageExcerptColor":{"default":{"color":"CT_CSS_SKIP_RULEDEFAULT"}},"breadcrumbsFont":{"family":"Default","variation":"n6","size":"12px","line-height":"CT_CSS_SKIP_RULE","letter-spacing":"CT_CSS_SKIP_RULE","text-transform":"uppercase","text-decoration":"CT_CSS_SKIP_RULE"},"breadcrumbsFontColor":{"default":{"color":"CT_CSS_SKIP_RULEDEFAULT"},"initial":{"color":"CT_CSS_SKIP_RULEDEFAULT"},"hover":{"color":"CT_CSS_SKIP_RULEDEFAULT"}},"pageTitleOverlay":{"default":{"color":"CT_CSS_SKIP_RULE"}},"pageTitleBackground":{"background_type":"color","background_pattern":"type-1","background_image":{"attachment_id":null,"x":0,"y":0},"gradient":"linear-gradient(135deg,rgba(6,147,227,1) 0%,rgb(155,81,224) 100%)","background_repeat":"no-repeat","background_size":"auto","background_attachment":"scroll","patternColor":{"default":{"color":"#e5e7ea"}},"overlayColor":{"default":{"color":"CT_CSS_SKIP_RULE"}},"backgroundColor":{"default":{"color":"#EDEFF2"}}},"202799bf5d1ed9488064688fac6dff39":"","page_structure_type":"type-4","content_style":"inherit","vertical_spacing_source":"inherit","content_area_spacing":"both","background":{"background_type":"color","background_pattern":"type-1","background_image":{"attachment_id":null,"x":0,"y":0},"gradient":"linear-gradient(135deg,rgba(6,147,227,1) 0%,rgb(155,81,224) 100%)","background_repeat":"no-repeat","background_size":"auto","background_attachment":"scroll","patternColor":{"default":{"color":"#e5e7ea"}},"overlayColor":{"default":{"color":"CT_CSS_SKIP_RULE"}},"backgroundColor":{"default":{"color":"CT_CSS_SKIP_RULE"}}},"content_background":{"background_type":"color","background_pattern":"type-1","background_image":{"attachment_id":null,"x":0,"y":0},"gradient":"linear-gradient(135deg,rgba(6,147,227,1) 0%,rgb(155,81,224) 100%)","background_repeat":"no-repeat","background_size":"auto","background_attachment":"scroll","patternColor":{"default":{"color":"#e5e7ea"}},"overlayColor":{"default":{"color":"CT_CSS_SKIP_RULE"}},"backgroundColor":{"default":{"color":"#ffffff"}}},"content_boxed_shadow":{"inherit":false,"blur":18,"spread":-6,"v_offset":12,"h_offset":0,"inset":false,"enable":true,"color":{"color":"rgba(34, 56, 101, 0.04)"}},"boxed_content_spacing":{"desktop":{"top":"40px","bottom":"40px","left":"40px","right":"40px","linked":true},"tablet":{"top":"35px","bottom":"35px","left":"35px","right":"35px","linked":true},"mobile":{"top":"20px","bottom":"20px","left":"20px","right":"20px","linked":true}},"content_boxed_radius":{"top":"3px","bottom":"3px","left":"3px","right":"3px","linked":true},"d7ae9d710b848423aca6802b8ed3343f":"","disable_featured_image":"no","disable_header":"no","disable_footer":"no"},"_links":{"self":[{"href":"https:\/\/marcelodonato.ca\/index.php?rest_route=\/wp\/v2\/pages\/626","targetHints":{"allow":["GET"]}}],"collection":[{"href":"https:\/\/marcelodonato.ca\/index.php?rest_route=\/wp\/v2\/pages"}],"about":[{"href":"https:\/\/marcelodonato.ca\/index.php?rest_route=\/wp\/v2\/types\/page"}],"author":[{"embeddable":true,"href":"https:\/\/marcelodonato.ca\/index.php?rest_route=\/wp\/v2\/users\/1"}],"replies":[{"embeddable":true,"href":"https:\/\/marcelodonato.ca\/index.php?rest_route=%2Fwp%2Fv2%2Fcomments&post=626"}],"version-history":[{"count":48,"href":"https:\/\/marcelodonato.ca\/index.php?rest_route=\/wp\/v2\/pages\/626\/revisions"}],"predecessor-version":[{"id":1468,"href":"https:\/\/marcelodonato.ca\/index.php?rest_route=\/wp\/v2\/pages\/626\/revisions\/1468"}],"up":[{"embeddable":true,"href":"https:\/\/marcelodonato.ca\/index.php?rest_route=\/wp\/v2\/pages\/622"}],"wp:attachment":[{"href":"https:\/\/marcelodonato.ca\/index.php?rest_route=%2Fwp%2Fv2%2Fmedia&parent=626"}],"curies":[{"name":"wp","href":"https:\/\/api.w.org\/{rel}","templated":true}]}}