{"id":1564,"date":"2024-01-21T14:33:51","date_gmt":"2024-01-21T14:33:51","guid":{"rendered":"https:\/\/marcelodonato.ca\/?page_id=1564"},"modified":"2024-11-18T01:21:46","modified_gmt":"2024-11-18T01:21:46","slug":"autor","status":"publish","type":"page","link":"https:\/\/marcelodonato.ca\/","title":{"rendered":"Autor"},"content":{"rendered":"\n<figure class=\"wp-block-gallery has-nested-images columns-default is-cropped wp-block-gallery-1 is-layout-flex wp-block-gallery-is-layout-flex\">\n<figure class=\"wp-block-image size-large\"><img loading=\"lazy\" decoding=\"async\" width=\"639\" height=\"1024\" data-id=\"1551\" src=\"https:\/\/marcelodonato.ca\/wp-content\/uploads\/2024\/01\/IMG_6841-1-639x1024.jpeg\" alt=\"\" class=\"wp-image-1551\" srcset=\"https:\/\/marcelodonato.ca\/wp-content\/uploads\/2024\/01\/IMG_6841-1-639x1024.jpeg 639w, https:\/\/marcelodonato.ca\/wp-content\/uploads\/2024\/01\/IMG_6841-1-187x300.jpeg 187w, https:\/\/marcelodonato.ca\/wp-content\/uploads\/2024\/01\/IMG_6841-1-768x1230.jpeg 768w, https:\/\/marcelodonato.ca\/wp-content\/uploads\/2024\/01\/IMG_6841-1-959x1536.jpeg 959w, https:\/\/marcelodonato.ca\/wp-content\/uploads\/2024\/01\/IMG_6841-1-1279x2048.jpeg 1279w, https:\/\/marcelodonato.ca\/wp-content\/uploads\/2024\/01\/IMG_6841-1-scaled.jpeg 1599w\" sizes=\"auto, (max-width: 639px) 100vw, 639px\" \/><figcaption class=\"wp-element-caption\">Entre bambalinas<\/figcaption><\/figure>\n\n\n\n<figure class=\"wp-block-image size-large\"><img loading=\"lazy\" decoding=\"async\" width=\"346\" height=\"483\" data-id=\"1088\" src=\"https:\/\/marcelodonato.ca\/wp-content\/uploads\/2021\/01\/telon-1.jpg\" alt=\"\" class=\"wp-image-1088\" srcset=\"https:\/\/marcelodonato.ca\/wp-content\/uploads\/2021\/01\/telon-1.jpg 346w, https:\/\/marcelodonato.ca\/wp-content\/uploads\/2021\/01\/telon-1-215x300.jpg 215w\" sizes=\"auto, (max-width: 346px) 100vw, 346px\" \/><figcaption class=\"wp-element-caption\">El tel\u00f3n de Picasso<\/figcaption><\/figure>\n\n\n\n<figure class=\"wp-block-image size-large\"><img loading=\"lazy\" decoding=\"async\" width=\"552\" height=\"834\" data-id=\"1516\" src=\"https:\/\/marcelodonato.ca\/wp-content\/uploads\/2022\/09\/Captura-de-Pantalla-2022-09-09-a-las-7.09.35-p.-m.-1.png\" alt=\"\" class=\"wp-image-1516\" srcset=\"https:\/\/marcelodonato.ca\/wp-content\/uploads\/2022\/09\/Captura-de-Pantalla-2022-09-09-a-las-7.09.35-p.-m.-1.png 552w, https:\/\/marcelodonato.ca\/wp-content\/uploads\/2022\/09\/Captura-de-Pantalla-2022-09-09-a-las-7.09.35-p.-m.-1-199x300.png 199w\" sizes=\"auto, (max-width: 552px) 100vw, 552px\" \/><figcaption class=\"wp-element-caption\">Edici\u00f3n bilingue con extractos de El tel\u00f3n de Picasso<\/figcaption><\/figure>\n\n\n\n<figure class=\"wp-block-image size-large\"><img loading=\"lazy\" decoding=\"async\" width=\"657\" height=\"1024\" data-id=\"1537\" src=\"https:\/\/marcelodonato.ca\/wp-content\/uploads\/2024\/01\/IMG_5858-657x1024.jpeg\" alt=\"\" class=\"wp-image-1537\"\/><figcaption class=\"wp-element-caption\">Y tu,\u00bfA qu\u00e9 tienes miedo?<\/figcaption><\/figure>\n\n\n\n<figure class=\"wp-block-image size-full\"><img loading=\"lazy\" decoding=\"async\" width=\"640\" height=\"640\" data-id=\"1536\" src=\"https:\/\/marcelodonato.ca\/wp-content\/uploads\/2024\/01\/IMG_5839.jpeg\" alt=\"UN ENSAYO ORIGINAL ESCRITO POR 12 AUTORES (TODOS HOMBRES) PARA REVISAR EL CONCEPTO DE MASCULINIDAD EN NUESTROS D\u00cdAS. \u00a1UNA OBRA CREADA POR ESCRITORES CON DIVERSOS PA\u00cdSES DE ORIGEN, ESTUDIOS, TRABAJOS, EDADES, IDEOLOG\u00cdAS POL\u00cdTICAS Y PREFERENCIAS SEXUALES! (Francisco Abi\u00e1n, Jose M\u00aa Aguilar, Jaime Bar\u00f3n, Juan Barrachina, Antonio E.Cherubini, Marcelo Donato, Javier Fuentes, Gast\u00f3n Insua, Juan Carlos Osorio-Aravena, Mario Palacio, Lito Pedregal y Gustavo Pisani) DOCE VISIONES \u00daNICAS, DIFERENTES Y EXCLUSIVAS QUE PERMITIR\u00c1N AL LECTOR REFLEXIONAR SOBRE LO QUE SIGNIFICA SER HOMBRE HOY Cada autor aporta su propia mirada sobre el papel del hombre a lo largo de la historia y especialmente sobre lo que ha significado su necesidad de adaptaci\u00f3n a los \u00faltimos cambios y avances sociales. Los autores aportan sus propias experiencias y se preguntan sobre numerosas cuestiones que ata\u00f1en a la masculinidad en el siglo XXI. Plantean temas cruciales para el hombre moderno como la participaci\u00f3n en las labores dom\u00e9sticas, en la paternidad o en la demostraci\u00f3n de sus sentimientos y evidenciar\u00e1n que entre los hombres conviven maneras muy heterog\u00e9neas de entender la masculinidad. Debatir\u00e1n sobre posturas presumiblemente machistas o el rol todav\u00eda vigente de algunos machos alfa. Sin duda, una interesante revisi\u00f3n que no dejar\u00e1 indiferente a ning\u00fan lector. DOCE BREVES ENSAYOS PARA PREGUNTARSE ACERCA DEL PAPEL DEL HOMBRE EN LA SOCIEDAD CONTEMPOR\u00c1NEA. Los doce autores utilizan una narrativa sencilla que permitir\u00e1 al lector una lectura de f\u00e1cil comprensi\u00f3n. Quien lea estas p\u00e1ginas podr\u00e1 identificarse m\u00e1s con unos autores que con otros, pero, en cualquier caso, entender\u00e1 mejor la figura del hombre moderno. UN LIBRO QUE REFLEJA LA CREATIVIDAD, LA IMAGINACI\u00d3N Y LA CAPACIDAD DE INNOVACI\u00d3N DE LOS AUTORES. Entre los autores hay empresarios, ingenieros, m\u00e9dicos, locutores de radio, cient\u00edficos, cineastas, abogados, deportistas\u2026, lo que sin duda garantiza una revisi\u00f3n plural e interdisciplinar del concepto. LAS PROLOGUISTAS (MUJERES) HAN DESTACADO LA NECESIDAD DE UN LIBRO COMO ESTE &quot;\u00bfEstaremos juzgando hoy al hombre con crueldad?\u201d se ha preguntado Sibely Valle (periodista de dilatada experiencia en prensa y televisi\u00f3n). &quot;Necesitamos hombres con sentimientos y libros como este para seguir creciendo como personas\u201d ha afirmado Fermina Ca\u00f1averas (historiadora especializada en investigaci\u00f3n)\" class=\"wp-image-1536\" srcset=\"https:\/\/marcelodonato.ca\/wp-content\/uploads\/2024\/01\/IMG_5839.jpeg 640w, https:\/\/marcelodonato.ca\/wp-content\/uploads\/2024\/01\/IMG_5839-300x300.jpeg 300w, https:\/\/marcelodonato.ca\/wp-content\/uploads\/2024\/01\/IMG_5839-150x150.jpeg 150w\" sizes=\"auto, (max-width: 640px) 100vw, 640px\" \/><figcaption class=\"wp-element-caption\">Ser hombre hoy<\/figcaption><\/figure>\n\n\n\n<figure class=\"wp-block-image size-full\"><img loading=\"lazy\" decoding=\"async\" width=\"617\" height=\"945\" data-id=\"1583\" src=\"https:\/\/marcelodonato.ca\/wp-content\/uploads\/2024\/11\/Tentaciones-y-Pecados.jpg\" alt=\"\" class=\"wp-image-1583\" srcset=\"https:\/\/marcelodonato.ca\/wp-content\/uploads\/2024\/11\/Tentaciones-y-Pecados.jpg 617w, https:\/\/marcelodonato.ca\/wp-content\/uploads\/2024\/11\/Tentaciones-y-Pecados-196x300.jpg 196w\" sizes=\"auto, (max-width: 617px) 100vw, 617px\" \/><figcaption class=\"wp-element-caption\">De tentaciones y culpas<\/figcaption><\/figure>\n\n\n\n<figure data-wp-context=\"{&quot;imageId&quot;:&quot;69f9d6554dae4&quot;}\" data-wp-interactive=\"core\/image\" data-wp-key=\"69f9d6554dae4\" class=\"wp-block-image alignleft size-full wp-lightbox-container\"><img loading=\"lazy\" decoding=\"async\" width=\"1629\" height=\"2560\" data-wp-class--hide=\"state.isContentHidden\" data-wp-class--show=\"state.isContentVisible\" data-wp-init=\"callbacks.setButtonStyles\" data-wp-on--click=\"actions.showLightbox\" data-wp-on--load=\"callbacks.setButtonStyles\" data-wp-on-window--resize=\"callbacks.setButtonStyles\" data-id=\"1565\" src=\"https:\/\/marcelodonato.ca\/wp-content\/uploads\/2024\/01\/IMG_1387-scaled.jpg\" alt=\"\" class=\"wp-image-1565\" srcset=\"https:\/\/marcelodonato.ca\/wp-content\/uploads\/2024\/01\/IMG_1387-scaled.jpg 1629w, https:\/\/marcelodonato.ca\/wp-content\/uploads\/2024\/01\/IMG_1387-191x300.jpg 191w, https:\/\/marcelodonato.ca\/wp-content\/uploads\/2024\/01\/IMG_1387-652x1024.jpg 652w, https:\/\/marcelodonato.ca\/wp-content\/uploads\/2024\/01\/IMG_1387-768x1207.jpg 768w, https:\/\/marcelodonato.ca\/wp-content\/uploads\/2024\/01\/IMG_1387-978x1536.jpg 978w, https:\/\/marcelodonato.ca\/wp-content\/uploads\/2024\/01\/IMG_1387-1303x2048.jpg 1303w\" sizes=\"auto, (max-width: 1629px) 100vw, 1629px\" \/><button\n\t\t\tclass=\"lightbox-trigger\"\n\t\t\ttype=\"button\"\n\t\t\taria-haspopup=\"dialog\"\n\t\t\taria-label=\"Enlarge\"\n\t\t\tdata-wp-init=\"callbacks.initTriggerButton\"\n\t\t\tdata-wp-on--click=\"actions.showLightbox\"\n\t\t\tdata-wp-style--right=\"state.imageButtonRight\"\n\t\t\tdata-wp-style--top=\"state.imageButtonTop\"\n\t\t>\n\t\t\t<svg xmlns=\"http:\/\/www.w3.org\/2000\/svg\" width=\"12\" height=\"12\" fill=\"none\" viewBox=\"0 0 12 12\">\n\t\t\t\t<path fill=\"#fff\" d=\"M2 0a2 2 0 0 0-2 2v2h1.5V2a.5.5 0 0 1 .5-.5h2V0H2Zm2 10.5H2a.5.5 0 0 1-.5-.5V8H0v2a2 2 0 0 0 2 2h2v-1.5ZM8 12v-1.5h2a.5.5 0 0 0 .5-.5V8H12v2a2 2 0 0 1-2 2H8Zm2-12a2 2 0 0 1 2 2v2h-1.5V2a.5.5 0 0 0-.5-.5H8V0h2Z\" \/>\n\t\t\t<\/svg>\n\t\t<\/button><figcaption class=\"wp-element-caption\">Relatos entrecruzados<\/figcaption><\/figure>\n\n\n\n<figure class=\"wp-block-image size-large\"><img loading=\"lazy\" decoding=\"async\" width=\"802\" height=\"1024\" data-id=\"1547\" src=\"https:\/\/marcelodonato.ca\/wp-content\/uploads\/2024\/01\/IMG_1164-802x1024.jpeg\" alt=\"\" class=\"wp-image-1547\" srcset=\"https:\/\/marcelodonato.ca\/wp-content\/uploads\/2024\/01\/IMG_1164-802x1024.jpeg 802w, https:\/\/marcelodonato.ca\/wp-content\/uploads\/2024\/01\/IMG_1164-235x300.jpeg 235w, https:\/\/marcelodonato.ca\/wp-content\/uploads\/2024\/01\/IMG_1164-768x981.jpeg 768w, https:\/\/marcelodonato.ca\/wp-content\/uploads\/2024\/01\/IMG_1164.jpeg 1081w\" sizes=\"auto, (max-width: 802px) 100vw, 802px\" \/><figcaption class=\"wp-element-caption\">Entre bambalinas<\/figcaption><\/figure>\n\n\n\n<figure class=\"wp-block-image alignleft size-large\"><img loading=\"lazy\" decoding=\"async\" width=\"484\" height=\"400\" data-id=\"1430\" src=\"https:\/\/marcelodonato.ca\/wp-content\/uploads\/2021\/01\/canadografia_ill.jpg\" alt=\"\" class=\"wp-image-1430\" srcset=\"https:\/\/marcelodonato.ca\/wp-content\/uploads\/2021\/01\/canadografia_ill.jpg 484w, https:\/\/marcelodonato.ca\/wp-content\/uploads\/2021\/01\/canadografia_ill-300x248.jpg 300w\" sizes=\"auto, (max-width: 484px) 100vw, 484px\" \/><figcaption class=\"wp-element-caption\">Canadograf\u00eda<\/figcaption><\/figure>\n<\/figure>\n\n\n\n<div class=\"wp-block-group is-nowrap is-layout-flex wp-container-core-group-is-layout-6c531013 wp-block-group-is-layout-flex\"><\/div>\n\n\n\n<div class=\"wp-block-group is-vertical is-layout-flex wp-container-core-group-is-layout-fe9cc265 wp-block-group-is-layout-flex\"><\/div>\n\n\n\n\n\n<figure class=\"wp-block-image size-full\"><img loading=\"lazy\" decoding=\"async\" width=\"617\" height=\"945\" src=\"https:\/\/marcelodonato.ca\/wp-content\/uploads\/2024\/11\/tempImageliLTP3.jpg\" alt=\"\" class=\"wp-image-1587\" srcset=\"https:\/\/marcelodonato.ca\/wp-content\/uploads\/2024\/11\/tempImageliLTP3.jpg 617w, https:\/\/marcelodonato.ca\/wp-content\/uploads\/2024\/11\/tempImageliLTP3-196x300.jpg 196w\" sizes=\"auto, (max-width: 617px) 100vw, 617px\" \/><\/figure>\n","protected":false},"excerpt":{"rendered":"","protected":false},"author":1,"featured_media":0,"parent":0,"menu_order":0,"comment_status":"closed","ping_status":"closed","template":"","meta":{"inline_featured_image":false,"footnotes":""},"class_list":["post-1564","page","type-page","status-publish","hentry"],"blocksy_meta":[],"_links":{"self":[{"href":"https:\/\/marcelodonato.ca\/index.php?rest_route=\/wp\/v2\/pages\/1564","targetHints":{"allow":["GET"]}}],"collection":[{"href":"https:\/\/marcelodonato.ca\/index.php?rest_route=\/wp\/v2\/pages"}],"about":[{"href":"https:\/\/marcelodonato.ca\/index.php?rest_route=\/wp\/v2\/types\/page"}],"author":[{"embeddable":true,"href":"https:\/\/marcelodonato.ca\/index.php?rest_route=\/wp\/v2\/users\/1"}],"replies":[{"embeddable":true,"href":"https:\/\/marcelodonato.ca\/index.php?rest_route=%2Fwp%2Fv2%2Fcomments&post=1564"}],"version-history":[{"count":4,"href":"https:\/\/marcelodonato.ca\/index.php?rest_route=\/wp\/v2\/pages\/1564\/revisions"}],"predecessor-version":[{"id":1588,"href":"https:\/\/marcelodonato.ca\/index.php?rest_route=\/wp\/v2\/pages\/1564\/revisions\/1588"}],"wp:attachment":[{"href":"https:\/\/marcelodonato.ca\/index.php?rest_route=%2Fwp%2Fv2%2Fmedia&parent=1564"}],"curies":[{"name":"wp","href":"https:\/\/api.w.org\/{rel}","templated":true}]}}