{"id":1412,"date":"2021-01-21T09:48:41","date_gmt":"2021-01-21T09:48:41","guid":{"rendered":"https:\/\/marcelodonato.ca\/?page_id=1412"},"modified":"2021-01-25T11:56:24","modified_gmt":"2021-01-25T11:56:24","slug":"relatos-entrecruzados","status":"publish","type":"page","link":"https:\/\/marcelodonato.ca\/?page_id=1412","title":{"rendered":"Relatos entrecruzados"},"content":{"rendered":"\n<div style=\"height:60px\" aria-hidden=\"true\" class=\"wp-block-spacer\"><\/div>\n\n\n\n<figure class=\"wp-block-image size-full\"><img loading=\"lazy\" decoding=\"async\" width=\"1541\" height=\"269\" src=\"https:\/\/marcelodonato.ca\/wp-content\/uploads\/2021\/01\/relatos_header1.jpg\" alt=\"\" class=\"wp-image-1422\" srcset=\"https:\/\/marcelodonato.ca\/wp-content\/uploads\/2021\/01\/relatos_header1.jpg 1541w, https:\/\/marcelodonato.ca\/wp-content\/uploads\/2021\/01\/relatos_header1-300x52.jpg 300w, https:\/\/marcelodonato.ca\/wp-content\/uploads\/2021\/01\/relatos_header1-1024x179.jpg 1024w, https:\/\/marcelodonato.ca\/wp-content\/uploads\/2021\/01\/relatos_header1-768x134.jpg 768w, https:\/\/marcelodonato.ca\/wp-content\/uploads\/2021\/01\/relatos_header1-1536x268.jpg 1536w\" sizes=\"auto, (max-width: 1541px) 100vw, 1541px\" \/><\/figure>\n\n\n\n<div style=\"height:10px\" aria-hidden=\"true\" class=\"wp-block-spacer\"><\/div>\n\n\n\n<div class=\"wp-block-columns is-layout-flex wp-container-core-columns-is-layout-28f84493 wp-block-columns-is-layout-flex\">\n<div class=\"wp-block-column is-layout-flow wp-block-column-is-layout-flow\" style=\"flex-basis:33.33%\">\n<h5 style=\"text-align: right;\">Relatos entrecruzados<\/h5>\n<\/div>\n\n\n\n<div class=\"wp-block-column is-layout-flow wp-block-column-is-layout-flow\" style=\"flex-basis:66.66%\">\n<h6 style=\"text-align: left;\"><strong>El once<\/strong><\/h6>\n\n\n\n<h6 style=\"text-align: left;\">A captivating and intriguing love story (500 words) of predestined coincidences, born and developed between the passenger with the big eyes and the protagonist, in different bus routes of a city.<br \/>First published in the anthology Relatos Entrecruzados, a collection of 60 short stories by Latino-Canadians writers<\/h6>\n\n\n\n<h6 style=\"text-align: left;\"><em>\u201cPero un d\u00eda me anim\u00e9. Estaba de buen humor y te vi en el once, un autob\u00fas en el que jam\u00e1s te hab\u00eda visto, sentado en mi lugar preferido: el sector con cuatro asientos enfrentados. Abriste muy grande los ojos, tan extra\u00f1ado estabas de verme como yo. Pens\u00e9 que era mi oportunidad (y la tuya) y te dije Hola. Bueno, hello, lindo hubiera sido que te dijera hola&#8230;.\u201d<\/em><\/h6>\n<\/div>\n<\/div>\n\n\n\n<p><\/p>\n","protected":false},"excerpt":{"rendered":"<p>Relatos entrecruzados El once A captivating and intriguing love story (500 words) of predestined coincidences, born and developed between the passenger with the big eyes and the protagonist, in different bus routes of a city.First published in the anthology Relatos Entrecruzados, a collection of 60 short stories by Latino-Canadians writers \u201cPero un d\u00eda me anim\u00e9. [&hellip;]<\/p>\n","protected":false},"author":1,"featured_media":0,"parent":622,"menu_order":0,"comment_status":"closed","ping_status":"closed","template":"","meta":{"inline_featured_image":false,"footnotes":""},"class_list":["post-1412","page","type-page","status-publish","hentry"],"blocksy_meta":[],"_links":{"self":[{"href":"https:\/\/marcelodonato.ca\/index.php?rest_route=\/wp\/v2\/pages\/1412","targetHints":{"allow":["GET"]}}],"collection":[{"href":"https:\/\/marcelodonato.ca\/index.php?rest_route=\/wp\/v2\/pages"}],"about":[{"href":"https:\/\/marcelodonato.ca\/index.php?rest_route=\/wp\/v2\/types\/page"}],"author":[{"embeddable":true,"href":"https:\/\/marcelodonato.ca\/index.php?rest_route=\/wp\/v2\/users\/1"}],"replies":[{"embeddable":true,"href":"https:\/\/marcelodonato.ca\/index.php?rest_route=%2Fwp%2Fv2%2Fcomments&post=1412"}],"version-history":[{"count":13,"href":"https:\/\/marcelodonato.ca\/index.php?rest_route=\/wp\/v2\/pages\/1412\/revisions"}],"predecessor-version":[{"id":1458,"href":"https:\/\/marcelodonato.ca\/index.php?rest_route=\/wp\/v2\/pages\/1412\/revisions\/1458"}],"up":[{"embeddable":true,"href":"https:\/\/marcelodonato.ca\/index.php?rest_route=\/wp\/v2\/pages\/622"}],"wp:attachment":[{"href":"https:\/\/marcelodonato.ca\/index.php?rest_route=%2Fwp%2Fv2%2Fmedia&parent=1412"}],"curies":[{"name":"wp","href":"https:\/\/api.w.org\/{rel}","templated":true}]}}